{"id":33,"date":"2026-02-01T12:19:20","date_gmt":"2026-02-01T11:19:20","guid":{"rendered":"https:\/\/dostosowania.fediblog.pl\/?page_id=33"},"modified":"2026-03-07T01:45:33","modified_gmt":"2026-03-07T00:45:33","slug":"oferta","status":"publish","type":"page","link":"https:\/\/dostosowania.fediblog.pl\/en\/oferta\/","title":{"rendered":"Offer"},"content":{"rendered":"<p>Du\u017co os\u00f3b z niepe\u0142nosprawno\u015bciami i r\u00f3\u017cnymi potrzebami jest wykluczonych z wydarze\u0144, w tym lewicowych i anarchistycznych. Wiele z tych os\u00f3b nie uczestniczy w wydarzeniach z powodu braku dostosowa\u0144 dla nich. Przez to nie ma potrzeby robi\u0107 tych dostosowa\u0144. I tak w k\u00f3\u0142ko.<\/p>\n\n\n\n<p>We wanted to raise awareness among leftists and anarchists about the situation of these people and support the adaptation and increase accommodation of all events and content.<\/p>\n\n\n\n<p>Najuczciwsza cena to za darmo i za darmo chcemy \u015bwiadczy\u0107 pomoc wzajemn\u0105, szczeg\u00f3lnie w wa\u017cnych dla nas tematach.<\/p>\n\n\n\n<h2 class=\"wp-block-heading\">What do we offer?<\/h2>\n\n\n\n<ul class=\"wp-block-list\">\n<li>We will review the route of the march or the interior of the building and describe how accessible it is.<\/li>\n\n\n\n<li>Pomo\u017cemy opisa\u0107 zdj\u0119cia (teksty alternatywne) oraz upro\u015bci\u0107 opisy (polski uproszczony)<\/li>\n\n\n\n<li>We will suggest possible simple changes and accommodations.<\/li>\n\n\n\n<li>Przet\u0142umaczymy tekst na inne j\u0119zyki (na razie tylko angielski)<\/li>\n<\/ul>\n\n\n\n<h2 class=\"wp-block-heading\">Pomogli\u015bmy:<\/h2>\n\n\n\n<div class=\"wp-block-group is-layout-grid wp-container-core-group-is-layout-73d44df6 wp-block-group-is-layout-grid\">\n<figure class=\"wp-block-image size-large wp-container-content-da97c7ca wp-duotone-unset-1\"><a href=\"https:\/\/dostosowania.fediblog.pl\/en\/2026\/03\/07\/xxi-krakowska-manifa\/\"><img loading=\"lazy\" decoding=\"async\" width=\"1024\" height=\"724\" src=\"https:\/\/dostosowania.fediblog.pl\/wp-content\/uploads\/2026\/03\/640920926_1334333978720772_1784882272013816667_n-1024x724.jpg\" alt=\"\" class=\"wp-image-225\" style=\"aspect-ratio:4\/3;object-fit:cover\" srcset=\"https:\/\/dostosowania.fediblog.pl\/wp-content\/uploads\/2026\/03\/640920926_1334333978720772_1784882272013816667_n-1024x724.jpg 1024w, https:\/\/dostosowania.fediblog.pl\/wp-content\/uploads\/2026\/03\/640920926_1334333978720772_1784882272013816667_n-300x212.jpg 300w, https:\/\/dostosowania.fediblog.pl\/wp-content\/uploads\/2026\/03\/640920926_1334333978720772_1784882272013816667_n-768x543.jpg 768w, https:\/\/dostosowania.fediblog.pl\/wp-content\/uploads\/2026\/03\/640920926_1334333978720772_1784882272013816667_n-1536x1086.jpg 1536w, https:\/\/dostosowania.fediblog.pl\/wp-content\/uploads\/2026\/03\/640920926_1334333978720772_1784882272013816667_n-18x12.jpg 18w, https:\/\/dostosowania.fediblog.pl\/wp-content\/uploads\/2026\/03\/640920926_1334333978720772_1784882272013816667_n.jpg 2048w\" sizes=\"auto, (max-width: 1024px) 100vw, 1024px\" \/><\/a><\/figure>\n\n\n\n<figure class=\"wp-block-image size-large wp-container-content-da97c7ca\"><a href=\"https:\/\/dostosowania.fediblog.pl\/en\/2026\/01\/31\/antykapitalistyczny-marsz-rownosci-w-krakowie\/\"><img loading=\"lazy\" decoding=\"async\" width=\"1365\" height=\"1024\" src=\"https:\/\/dostosowania.fediblog.pl\/wp-content\/uploads\/2026\/02\/526303174_122119620536933515_3693275921890057452_n-edited.jpg\" alt=\"\" class=\"wp-image-37\" style=\"aspect-ratio:4\/3;object-fit:cover\" srcset=\"https:\/\/dostosowania.fediblog.pl\/wp-content\/uploads\/2026\/02\/526303174_122119620536933515_3693275921890057452_n-edited.jpg 1365w, https:\/\/dostosowania.fediblog.pl\/wp-content\/uploads\/2026\/02\/526303174_122119620536933515_3693275921890057452_n-edited-300x225.jpg 300w, https:\/\/dostosowania.fediblog.pl\/wp-content\/uploads\/2026\/02\/526303174_122119620536933515_3693275921890057452_n-edited-1024x768.jpg 1024w, https:\/\/dostosowania.fediblog.pl\/wp-content\/uploads\/2026\/02\/526303174_122119620536933515_3693275921890057452_n-edited-768x576.jpg 768w\" sizes=\"auto, (max-width: 1365px) 100vw, 1365px\" \/><\/a><\/figure>\n\n\n\n<figure class=\"wp-block-image size-large\"><a href=\"https:\/\/dostosowania.fediblog.pl\/en\/2026\/02\/01\/marsz-1-maja-w-krakowie\/\"><img loading=\"lazy\" decoding=\"async\" width=\"1508\" height=\"1131\" src=\"https:\/\/dostosowania.fediblog.pl\/wp-content\/uploads\/2026\/02\/487786034_981163080796772_3523179684742660068_n-edited.jpg\" alt=\"\" class=\"wp-image-38\" style=\"aspect-ratio:4\/3;object-fit:cover\" srcset=\"https:\/\/dostosowania.fediblog.pl\/wp-content\/uploads\/2026\/02\/487786034_981163080796772_3523179684742660068_n-edited.jpg 1508w, https:\/\/dostosowania.fediblog.pl\/wp-content\/uploads\/2026\/02\/487786034_981163080796772_3523179684742660068_n-edited-300x225.jpg 300w, https:\/\/dostosowania.fediblog.pl\/wp-content\/uploads\/2026\/02\/487786034_981163080796772_3523179684742660068_n-edited-1024x768.jpg 1024w, https:\/\/dostosowania.fediblog.pl\/wp-content\/uploads\/2026\/02\/487786034_981163080796772_3523179684742660068_n-edited-768x576.jpg 768w\" sizes=\"auto, (max-width: 1508px) 100vw, 1508px\" \/><\/a><\/figure>\n<\/div>\n\n\n\n<p><\/p>","protected":false},"excerpt":{"rendered":"<p>Du\u017co os\u00f3b z niepe\u0142nosprawno\u015bciami i r\u00f3\u017cnymi potrzebami jest wykluczonych z wydarze\u0144, w tym lewicowych i anarchistycznych. Wiele z tych os\u00f3b nie uczestniczy w wydarzeniach z powodu braku dostosowa\u0144 dla nich. Przez to nie ma potrzeby robi\u0107 tych dostosowa\u0144. I tak w k\u00f3\u0142ko. Chcieli\u015bmy w\u015br\u00f3d lewak\u00f3w i anarchist\u00f3w zwi\u0119kszy\u0107 \u015bwiadomo\u015b\u0107 na temat sytuacji tych os\u00f3b i [&hellip;]<\/p>\n","protected":false},"author":2,"featured_media":0,"parent":0,"menu_order":0,"comment_status":"closed","ping_status":"closed","template":"","meta":{"footnotes":""},"class_list":["post-33","page","type-page","status-publish","hentry"],"_links":{"self":[{"href":"https:\/\/dostosowania.fediblog.pl\/en\/wp-json\/wp\/v2\/pages\/33","targetHints":{"allow":["GET"]}}],"collection":[{"href":"https:\/\/dostosowania.fediblog.pl\/en\/wp-json\/wp\/v2\/pages"}],"about":[{"href":"https:\/\/dostosowania.fediblog.pl\/en\/wp-json\/wp\/v2\/types\/page"}],"author":[{"embeddable":true,"href":"https:\/\/dostosowania.fediblog.pl\/en\/wp-json\/wp\/v2\/users\/2"}],"replies":[{"embeddable":true,"href":"https:\/\/dostosowania.fediblog.pl\/en\/wp-json\/wp\/v2\/comments?post=33"}],"version-history":[{"count":9,"href":"https:\/\/dostosowania.fediblog.pl\/en\/wp-json\/wp\/v2\/pages\/33\/revisions"}],"predecessor-version":[{"id":232,"href":"https:\/\/dostosowania.fediblog.pl\/en\/wp-json\/wp\/v2\/pages\/33\/revisions\/232"}],"wp:attachment":[{"href":"https:\/\/dostosowania.fediblog.pl\/en\/wp-json\/wp\/v2\/media?parent=33"}],"curies":[{"name":"wp","href":"https:\/\/api.w.org\/{rel}","templated":true}]}}